{"id":383,"date":"2019-02-01T21:08:11","date_gmt":"2019-02-01T20:08:11","guid":{"rendered":"http:\/\/harmony-forme.fr\/?page_id=383"},"modified":"2025-08-08T12:19:42","modified_gmt":"2025-08-08T10:19:42","slug":"mentions-legales","status":"publish","type":"page","link":"https:\/\/harmony-forme.fr\/?page_id=383","title":{"rendered":"Mentions l\u00e9gales"},"content":{"rendered":"<div id=\"bloc-mentions-legales\" style=\"\n  opacity: 0;\n  transform: translateY(40px);\n  transition: opacity 1s ease, transform 1s ease;\n  border: 2px solid #FE09B7;\n  border-radius: 12px;\n  width: 100%;\n  max-width: 1000px;\n  margin: 40px auto;\n  background: rgba(255, 255, 255, 0.75);\n  box-shadow: 0 5px 10px rgba(0,0,0,0.1);\n  font-family: 'Poppins', sans-serif;\n  color: #001111;\n  padding: 30px;\n  backdrop-filter: blur(6px);\n  -webkit-backdrop-filter: blur(6px);\n  position: relative;\n  overflow: hidden;\n\"><\/p>\n<p>  \n<!-- Fond pastel -->\n<\/p>\n<div style=\"\n    position: absolute;\n    top: 0; left: 0; right: 0; bottom: 0;\n    background: linear-gradient(135deg, rgba(254, 9, 183, 0.05), rgba(109, 179, 184, 0.07));\n    z-index: 0;\n    border-radius: 10px;\n  \"><\/div>\n<p>  \n<!-- Contenu -->\n<\/p>\n<div style=\"position: relative; z-index: 1; max-height: 600px; overflow-y: auto;\">\n<h3 style=\"color: #FE09B7; font-size: 1.6rem; margin-bottom: 15px;\">Mentions l\u00e9gales<\/h3>\n<pre style=\"white-space: pre-wrap; line-height: 1.6; font-family: inherit; font-size: 0.95rem;\">\n\n1. Pr\u00e9sentation du site.\n\nEn vertu de l'article 6 de la loi n\u00b0 2004-575 du 21 juin 2004 pour la confiance dans l'\u00e9conomie num\u00e9rique, il est pr\u00e9cis\u00e9 aux utilisateurs du site www.harmony-forme.fr l'identit\u00e9 des diff\u00e9rents intervenants dans le cadre de sa r\u00e9alisation et de son suivi :\n\nPropri\u00e9taire : HARMONY \u2013 DS FITNESS \u2013 SIRET 753 929 926 00016 \u2013 9063 Impasse Guy Mollet \u2013 62219 Longuenesse\nConcepteur: Xavier GEL\u00c9 - Anthracite Web\nResponsable publication : Damien Schuppe \u2013 Nous contacter\nLe responsable publication est une personne physique ou une personne morale.\nWebmaster : Xavier GEL\u00c9\nH\u00e9bergeur : 1&1 \u2013 7, place de la Gare \u2013 BP 70109 \u2013 57201 Sarreguemines Cedex\nCr\u00e9dits : Le mod\u00e8le de mentions l\u00e9gales est offert par Subdelirium.com Mentions l\u00e9gales\n\n2. Conditions g\u00e9n\u00e9rales d\u2019utilisation du site et des services propos\u00e9s.\n\nL\u2019utilisation du site www.harmony-forme.fr implique l\u2019acceptation pleine et enti\u00e8re des conditions g\u00e9n\u00e9rales d\u2019utilisation ci-apr\u00e8s d\u00e9crites. Ces conditions d\u2019utilisation sont susceptibles d\u2019\u00eatre modifi\u00e9es ou compl\u00e9t\u00e9es \u00e0 tout moment...\n\n3. Description des services fournis.\n\nLe site www.harmony-forme.fr a pour objet de fournir une information concernant l\u2019ensemble des activit\u00e9s de la soci\u00e9t\u00e9...\n\n4. Limitations contractuelles sur les donn\u00e9es techniques.\n\nLe site utilise la technologie JavaScript. Le site Internet ne pourra \u00eatre tenu responsable de dommages mat\u00e9riels li\u00e9s \u00e0 l\u2019utilisation du site...\n\n5. Propri\u00e9t\u00e9 intellectuelle et contrefa\u00e7ons.\n\nHARMONY \u2013 DS FITNESS est propri\u00e9taire des droits de propri\u00e9t\u00e9 intellectuelle ou d\u00e9tient les droits d\u2019usage sur tous les \u00e9l\u00e9ments accessibles sur le site...\n\n6. Limitations de responsabilit\u00e9.\n\nHARMONY \u2013 DS FITNESS ne pourra \u00eatre tenue responsable des dommages directs et indirects caus\u00e9s au mat\u00e9riel de l\u2019utilisateur...\n\n7. Gestion des donn\u00e9es personnelles.\n\nEn France, les donn\u00e9es personnelles sont notamment prot\u00e9g\u00e9es par la loi n\u00b0 78-87 du 6 janvier 1978...\n\n8. Liens hypertextes et cookies.\n\nLe site www.harmony-forme.fr contient un certain nombre de liens hypertextes vers d\u2019autres sites, mis en place avec l\u2019autorisation de HARMONY \u2013 DS FITNESS...\n\n9. Les principales lois concern\u00e9es.\n\nLoi n\u00b0 78-17 du 6 janvier 1978 [...]  \nLoi n\u00b0 2004-575 du 21 juin 2004 pour la confiance dans l'\u00e9conomie num\u00e9rique.\n\n10. Lexique.\n\nUtilisateur : Internaute se connectant, utilisant le site susnomm\u00e9.  \nInformations personnelles : \u00ab les informations qui permettent, sous quelque forme que ce soit, directement ou non, l'identification des personnes physiques auxquelles elles s'appliquent \u00bb (article 4 de la loi n\u00b0 78-17 du 6 janvier 1978).\n\n    <\/pre>\n<\/p><\/div>\n<\/div>\n<p>\n<script>\n  document.addEventListener(\"DOMContentLoaded\", function () {\n    const bloc = document.getElementById(\"bloc-mentions-legales\");\n    if (bloc) {\n      const observer = new IntersectionObserver((entries) => {\n        entries.forEach((entry) => {\n          if (entry.isIntersecting) {\n            bloc.style.opacity = \"1\";\n            bloc.style.transform = \"translateY(0)\";\n            observer.unobserve(bloc);\n          }\n        });\n      }, { threshold: 0.2 });\n      observer.observe(bloc);\n    }\n  });\n<\/script>\n<\/p>","protected":false},"excerpt":{"rendered":"<p>Mentions l\u00e9gales 1. Pr\u00e9sentation du site. En vertu de l&#8217;article 6 de la loi n\u00b0 2004-575 du 21 juin 2004 pour la confiance dans l&#8217;\u00e9conomie num\u00e9rique, il est pr\u00e9cis\u00e9 aux utilisateurs du site www.harmony-forme.fr l&#8217;identit\u00e9 des diff\u00e9rents intervenants dans le cadre de sa r\u00e9alisation et de son suivi&nbsp;: Propri\u00e9taire&nbsp;: HARMONY \u2013 DS FITNESS&hellip;&nbsp;<a href=\"https:\/\/harmony-forme.fr\/?page_id=383\" class=\"\" rel=\"bookmark\">Lire la suite&nbsp;&raquo;<span class=\"screen-reader-text\">Mentions l\u00e9gales<\/span><\/a><\/p>","protected":false},"author":1,"featured_media":0,"parent":0,"menu_order":900,"comment_status":"closed","ping_status":"closed","template":"","meta":{"saved_in_kubio":true,"_uag_custom_page_level_css":"","neve_meta_sidebar":"default","neve_meta_container":"default","neve_meta_enable_content_width":"off","neve_meta_content_width":70,"neve_meta_title_alignment":"","neve_meta_author_avatar":"","neve_post_elements_order":"","neve_meta_disable_header":"off","neve_meta_disable_footer":"off","neve_meta_disable_title":"off","footnotes":""},"class_list":["post-383","page","type-page","status-publish","hentry"],"kubio_ai_page_context":{"short_desc":"","purpose":"general"},"yoast_head":"<!-- This site is optimized with the Yoast SEO plugin v21.5 - https:\/\/yoast.com\/wordpress\/plugins\/seo\/ -->\n<title>Harmony &#8211; Mentions l\u00e9gales<\/title>\n<meta name=\"robots\" content=\"noindex, follow, max-snippet:-1, max-image-preview:large, max-video-preview:-1\" \/>\n<meta property=\"og:locale\" content=\"fr_FR\" \/>\n<meta property=\"og:type\" content=\"article\" \/>\n<meta property=\"og:title\" content=\"Harmony &#8211; Mentions l\u00e9gales\" \/>\n<meta property=\"og:description\" content=\"Mentions l\u00e9gales 1. Pr\u00e9sentation du site. En vertu de l&#039;article 6 de la loi n\u00b0 2004-575 du 21 juin 2004 pour la confiance dans l&#039;\u00e9conomie num\u00e9rique, il est pr\u00e9cis\u00e9 aux utilisateurs du site www.harmony-forme.fr l&#039;identit\u00e9 des diff\u00e9rents intervenants dans le cadre de sa r\u00e9alisation et de son suivi : Propri\u00e9taire : HARMONY \u2013 DS FITNESS&hellip;&nbsp;Lire la suite &raquo;Mentions l\u00e9gales\" \/>\n<meta property=\"og:url\" content=\"https:\/\/harmony-forme.fr\/?page_id=383\" \/>\n<meta property=\"og:site_name\" content=\"Harmony\" \/>\n<meta property=\"article:publisher\" content=\"https:\/\/www.facebook.com\/hamonylonguenesse\/\" \/>\n<meta property=\"article:modified_time\" content=\"2025-08-08T10:19:42+00:00\" \/>\n<meta property=\"og:image\" content=\"https:\/\/harmony-forme.fr\/wp-content\/uploads\/2019\/01\/picto-harmony.png\" \/>\n\t<meta property=\"og:image:width\" content=\"118\" \/>\n\t<meta property=\"og:image:height\" content=\"128\" \/>\n\t<meta property=\"og:image:type\" content=\"image\/png\" \/>\n<meta name=\"twitter:card\" content=\"summary_large_image\" \/>\n<meta name=\"twitter:label1\" content=\"Dur\u00e9e de lecture estim\u00e9e\" \/>\n\t<meta name=\"twitter:data1\" content=\"2 minutes\" \/>\n<script type=\"application\/ld+json\" class=\"yoast-schema-graph\">{\"@context\":\"https:\/\/schema.org\",\"@graph\":[{\"@type\":\"WebPage\",\"@id\":\"https:\/\/harmony-forme.fr\/?page_id=383\",\"url\":\"https:\/\/harmony-forme.fr\/?page_id=383\",\"name\":\"Harmony &#8211; Mentions l\u00e9gales\",\"isPartOf\":{\"@id\":\"https:\/\/harmony-forme.fr\/#website\"},\"datePublished\":\"2019-02-01T20:08:11+00:00\",\"dateModified\":\"2025-08-08T10:19:42+00:00\",\"breadcrumb\":{\"@id\":\"https:\/\/harmony-forme.fr\/?page_id=383#breadcrumb\"},\"inLanguage\":\"fr-FR\",\"potentialAction\":[{\"@type\":\"ReadAction\",\"target\":[\"https:\/\/harmony-forme.fr\/?page_id=383\"]}]},{\"@type\":\"BreadcrumbList\",\"@id\":\"https:\/\/harmony-forme.fr\/?page_id=383#breadcrumb\",\"itemListElement\":[{\"@type\":\"ListItem\",\"position\":1,\"name\":\"Accueil\",\"item\":\"https:\/\/harmony-forme.fr\/\"},{\"@type\":\"ListItem\",\"position\":2,\"name\":\"Mentions l\u00e9gales\"}]},{\"@type\":\"WebSite\",\"@id\":\"https:\/\/harmony-forme.fr\/#website\",\"url\":\"https:\/\/harmony-forme.fr\/\",\"name\":\"Harmony\",\"description\":\"La forme sans la frime !\",\"publisher\":{\"@id\":\"https:\/\/harmony-forme.fr\/#organization\"},\"potentialAction\":[{\"@type\":\"SearchAction\",\"target\":{\"@type\":\"EntryPoint\",\"urlTemplate\":\"https:\/\/harmony-forme.fr\/?s={search_term_string}\"},\"query-input\":\"required name=search_term_string\"}],\"inLanguage\":\"fr-FR\"},{\"@type\":\"Organization\",\"@id\":\"https:\/\/harmony-forme.fr\/#organization\",\"name\":\"Harmony\",\"url\":\"https:\/\/harmony-forme.fr\/\",\"logo\":{\"@type\":\"ImageObject\",\"inLanguage\":\"fr-FR\",\"@id\":\"https:\/\/harmony-forme.fr\/#\/schema\/logo\/image\/\",\"url\":\"https:\/\/harmony-forme.fr\/wp-content\/uploads\/2019\/01\/logo-harmony.png\",\"contentUrl\":\"https:\/\/harmony-forme.fr\/wp-content\/uploads\/2019\/01\/logo-harmony.png\",\"width\":577,\"height\":139,\"caption\":\"Harmony\"},\"image\":{\"@id\":\"https:\/\/harmony-forme.fr\/#\/schema\/logo\/image\/\"},\"sameAs\":[\"https:\/\/www.facebook.com\/hamonylonguenesse\/\",\"https:\/\/www.instagram.com\/harmony_forme\/\"]}]}<\/script>\n<!-- \/ Yoast SEO plugin. -->","yoast_head_json":{"title":"Harmony &#8211; Mentions l\u00e9gales","robots":{"index":"noindex","follow":"follow","max-snippet":"max-snippet:-1","max-image-preview":"max-image-preview:large","max-video-preview":"max-video-preview:-1"},"og_locale":"fr_FR","og_type":"article","og_title":"Harmony &#8211; Mentions l\u00e9gales","og_description":"Mentions l\u00e9gales 1. Pr\u00e9sentation du site. En vertu de l'article 6 de la loi n\u00b0 2004-575 du 21 juin 2004 pour la confiance dans l'\u00e9conomie num\u00e9rique, il est pr\u00e9cis\u00e9 aux utilisateurs du site www.harmony-forme.fr l'identit\u00e9 des diff\u00e9rents intervenants dans le cadre de sa r\u00e9alisation et de son suivi : Propri\u00e9taire : HARMONY \u2013 DS FITNESS&hellip;&nbsp;Lire la suite &raquo;Mentions l\u00e9gales","og_url":"https:\/\/harmony-forme.fr\/?page_id=383","og_site_name":"Harmony","article_publisher":"https:\/\/www.facebook.com\/hamonylonguenesse\/","article_modified_time":"2025-08-08T10:19:42+00:00","og_image":[{"width":118,"height":128,"url":"https:\/\/harmony-forme.fr\/wp-content\/uploads\/2019\/01\/picto-harmony.png","type":"image\/png"}],"twitter_card":"summary_large_image","twitter_misc":{"Dur\u00e9e de lecture estim\u00e9e":"2 minutes"},"schema":{"@context":"https:\/\/schema.org","@graph":[{"@type":"WebPage","@id":"https:\/\/harmony-forme.fr\/?page_id=383","url":"https:\/\/harmony-forme.fr\/?page_id=383","name":"Harmony &#8211; Mentions l\u00e9gales","isPartOf":{"@id":"https:\/\/harmony-forme.fr\/#website"},"datePublished":"2019-02-01T20:08:11+00:00","dateModified":"2025-08-08T10:19:42+00:00","breadcrumb":{"@id":"https:\/\/harmony-forme.fr\/?page_id=383#breadcrumb"},"inLanguage":"fr-FR","potentialAction":[{"@type":"ReadAction","target":["https:\/\/harmony-forme.fr\/?page_id=383"]}]},{"@type":"BreadcrumbList","@id":"https:\/\/harmony-forme.fr\/?page_id=383#breadcrumb","itemListElement":[{"@type":"ListItem","position":1,"name":"Accueil","item":"https:\/\/harmony-forme.fr\/"},{"@type":"ListItem","position":2,"name":"Mentions l\u00e9gales"}]},{"@type":"WebSite","@id":"https:\/\/harmony-forme.fr\/#website","url":"https:\/\/harmony-forme.fr\/","name":"Harmony","description":"La forme sans la frime !","publisher":{"@id":"https:\/\/harmony-forme.fr\/#organization"},"potentialAction":[{"@type":"SearchAction","target":{"@type":"EntryPoint","urlTemplate":"https:\/\/harmony-forme.fr\/?s={search_term_string}"},"query-input":"required name=search_term_string"}],"inLanguage":"fr-FR"},{"@type":"Organization","@id":"https:\/\/harmony-forme.fr\/#organization","name":"Harmony","url":"https:\/\/harmony-forme.fr\/","logo":{"@type":"ImageObject","inLanguage":"fr-FR","@id":"https:\/\/harmony-forme.fr\/#\/schema\/logo\/image\/","url":"https:\/\/harmony-forme.fr\/wp-content\/uploads\/2019\/01\/logo-harmony.png","contentUrl":"https:\/\/harmony-forme.fr\/wp-content\/uploads\/2019\/01\/logo-harmony.png","width":577,"height":139,"caption":"Harmony"},"image":{"@id":"https:\/\/harmony-forme.fr\/#\/schema\/logo\/image\/"},"sameAs":["https:\/\/www.facebook.com\/hamonylonguenesse\/","https:\/\/www.instagram.com\/harmony_forme\/"]}]}},"uagb_featured_image_src":{"full":false,"thumbnail":false,"medium":false,"medium_large":false,"large":false,"1536x1536":false,"2048x2048":false,"kubio-fullhd":false,"neve-blog":false},"uagb_author_info":{"display_name":"Xavier GEL\u00c9","author_link":"https:\/\/harmony-forme.fr"},"uagb_comment_info":0,"uagb_excerpt":"Mentions l\u00e9gales 1. Pr\u00e9sentation du site. En vertu de l'article 6 de la loi n\u00b0 2004-575 du 21 juin 2004 pour la confiance dans l'\u00e9conomie num\u00e9rique, il est pr\u00e9cis\u00e9 aux utilisateurs du site www.harmony-forme.fr l'identit\u00e9 des diff\u00e9rents intervenants dans le cadre de sa r\u00e9alisation et de son suivi : Propri\u00e9taire : HARMONY \u2013 DS FITNESS&hellip;&nbsp;Lire\u2026","_links":{"self":[{"href":"https:\/\/harmony-forme.fr\/index.php?rest_route=\/wp\/v2\/pages\/383","targetHints":{"allow":["GET"]}}],"collection":[{"href":"https:\/\/harmony-forme.fr\/index.php?rest_route=\/wp\/v2\/pages"}],"about":[{"href":"https:\/\/harmony-forme.fr\/index.php?rest_route=\/wp\/v2\/types\/page"}],"author":[{"embeddable":true,"href":"https:\/\/harmony-forme.fr\/index.php?rest_route=\/wp\/v2\/users\/1"}],"replies":[{"embeddable":true,"href":"https:\/\/harmony-forme.fr\/index.php?rest_route=%2Fwp%2Fv2%2Fcomments&post=383"}],"version-history":[{"count":2,"href":"https:\/\/harmony-forme.fr\/index.php?rest_route=\/wp\/v2\/pages\/383\/revisions"}],"predecessor-version":[{"id":2567,"href":"https:\/\/harmony-forme.fr\/index.php?rest_route=\/wp\/v2\/pages\/383\/revisions\/2567"}],"wp:attachment":[{"href":"https:\/\/harmony-forme.fr\/index.php?rest_route=%2Fwp%2Fv2%2Fmedia&parent=383"}],"curies":[{"name":"wp","href":"https:\/\/api.w.org\/{rel}","templated":true}]}}