{"id":211,"date":"2019-01-31T22:31:08","date_gmt":"2019-01-31T21:31:08","guid":{"rendered":"http:\/\/harmony-forme.fr\/?page_id=211"},"modified":"2025-08-01T14:05:27","modified_gmt":"2025-08-01T12:05:27","slug":"harmony-sains-en-gohelle","status":"publish","type":"page","link":"https:\/\/harmony-forme.fr\/?page_id=211","title":{"rendered":"Harmony Sains-en-Gohelle"},"content":{"rendered":"<div style=\"\n  border: 2px solid #6DB3B8;\n  border-radius: 12px;\n  width: 100%;\n  max-width: 1100px;\n  margin: auto;\n  background: rgba(255, 255, 255, 0.75);\n  box-shadow: 0 5px 10px rgba(0,0,0,0.1);\n  font-family: 'Poppins', sans-serif;\n  color: #001111;\n  padding: 30px;\n  backdrop-filter: blur(6px);\n  -webkit-backdrop-filter: blur(6px);\n  position: relative;\n  overflow: hidden;\n\"><\/p>\n<p>  \n<!-- Fond pastel -->\n<\/p>\n<div style=\"\n    position: absolute;\n    top: 0; left: 0; right: 0; bottom: 0;\n    background: linear-gradient(135deg, rgba(254, 9, 183, 0.05), rgba(109, 179, 184, 0.07));\n    z-index: 0;\n    border-radius: 10px;\n  \"><\/div>\n<p>  \n<!-- Contenu en 2 colonnes -->\n<\/p>\n<div style=\"position: relative; z-index: 1; display: flex; flex-wrap: wrap; gap: 30px;\">\n<p>    \n<!-- Colonne gauche -->\n<\/p>\n<div style=\"flex: 1 1 500px; min-width: 280px;\">\n<h3 style=\"color: #6DB3B8; font-size: 1.5rem;\">Pr\u00e9sence des conseillers Harmony \u2013 Sains-en-Gohelle<\/h3>\n<p>Pour les renseignements, abonnements, s\u00e9ances d\u2019essai ou de coaching, notre \u00e9quipe est \u00e0 votre \u00e9coute&nbsp;!<\/p>\n<h4 style=\"color: #FE09B7;\">Du 1er septembre au 31 mai&nbsp;:<\/h4>\n<ul style=\"padding-left: 20px;\">\n<li>Du lundi au vendredi&nbsp;: 9h \u00e0 12h30 et 15h \u00e0 19h30<\/li>\n<li>Le samedi&nbsp;: 9h30 \u00e0 12h30 et 14h \u00e0 17h<\/li>\n<\/ul>\n<h4 style=\"color: #FE09B7;\">Du 1er juin au 31 ao\u00fbt&nbsp;:<\/h4>\n<ul style=\"padding-left: 20px;\">\n<li>Du lundi au vendredi&nbsp;: 9h \u00e0 12h et 15h \u00e0 19h<\/li>\n<li>Le samedi&nbsp;: 9h30 \u00e0 12h30 et 14h \u00e0 17h<\/li>\n<\/ul>\n<h4 style=\"color: #6DB3B8;\">Adresse<\/h4>\n<p>\n        \ud83d\udccd <a href=\"https:\/\/www.google.com\/maps\/place\/6+Parc+de+la+Rocade,+62114+Sains-en-Gohelle\" target=\"_blank\" style=\"color: #001111; text-decoration: none;\"><br \/>\n          6 Parc de la Rocade<br \/>62114 Sains-en-Gohelle<br \/>\n        <\/a>\n      <\/p>\n<div style=\"margin-top: 20px; border-radius: 10px; overflow: hidden;\">\n        <iframe \n          src=\"https:\/\/www.google.com\/maps\/embed?pb=!1m18!1m12!1m3!1d2539.262413589987!2d2.623344515765203!3d50.43814447947405!2m3!1f0!2f0!3f0!3m2!1i1024!2i768!4f13.1!3m3!1m2!1s0x47dd2963d2e4086f%3A0xe4e6e3edb9f6fba9!2s6%20Parc%20de%20la%20Rocade%2C%2062114%20Sains-en-Gohelle!5e0!3m2!1sfr!2sfr!4v1722531201234!5m2!1sfr!2sfr\" \n          width=\"100%\" \n          height=\"250\" \n          style=\"border:0;\" \n          allowfullscreen=\"\" \n          loading=\"lazy\" \n          referrerpolicy=\"no-referrer-when-downgrade\"><br \/>\n        <\/iframe>\n      <\/div>\n<h4 style=\"color: #6DB3B8; margin-top: 20px;\">Contact<\/h4>\n<p>\ud83d\udcde <a href=\"tel:0321181215\" style=\"color: #FE09B7; text-decoration: underline;\">03 21 18 12 15<\/a><\/p>\n<p>\ud83d\udce7 <a href=\"mailto:harmony62@orange.fr\" style=\"color: #FE09B7; text-decoration: underline;\">Nous contacter par mail<\/a><\/p>\n<\/p><\/div>\n<p>    \n<!-- Colonne droite : slider + bouton -->\n<\/p>\n<div style=\"flex: 1 1 400px; min-width: 280px;\">\n<h4 style=\"color: #FE09B7;\">Aper\u00e7u en images&nbsp;:<\/h4>\n<div style=\"border-radius: 8px; overflow: hidden; box-shadow: inset 0 0 5px rgba(0,0,0,0.1); margin-bottom: 30px; max-height: 250px;\">\n        \n      <\/div>\n<\/p><\/div>\n<\/div>","protected":false},"excerpt":{"rendered":"<p>Pr\u00e9sence des conseillers Harmony \u2013 Sains-en-Gohelle Pour les renseignements, abonnements, s\u00e9ances d\u2019essai ou de coaching, notre \u00e9quipe est \u00e0 votre \u00e9coute&nbsp;! Du 1er septembre au 31 mai&nbsp;: Du lundi au vendredi&nbsp;: 9h \u00e0 12h30 et 15h \u00e0 19h30 Le samedi&nbsp;: 9h30 \u00e0 12h30 et 14h \u00e0 17h Du 1er juin au 31 ao\u00fbt&nbsp;: Du lundi&hellip;&nbsp;<a href=\"https:\/\/harmony-forme.fr\/?page_id=211\" class=\"\" rel=\"bookmark\">Lire la suite&nbsp;&raquo;<span class=\"screen-reader-text\">Harmony Sains-en-Gohelle<\/span><\/a><\/p>","protected":false},"author":1,"featured_media":0,"parent":0,"menu_order":101,"comment_status":"closed","ping_status":"closed","template":"","meta":{"saved_in_kubio":true,"_uag_custom_page_level_css":"","neve_meta_sidebar":"","neve_meta_container":"","neve_meta_enable_content_width":"off","neve_meta_content_width":0,"neve_meta_title_alignment":"","neve_meta_author_avatar":"","neve_post_elements_order":"","neve_meta_disable_header":"","neve_meta_disable_footer":"","neve_meta_disable_title":"","footnotes":""},"class_list":["post-211","page","type-page","status-publish","hentry"],"kubio_ai_page_context":{"short_desc":"","purpose":"general"},"yoast_head":"<!-- This site is optimized with the Yoast SEO plugin v21.5 - https:\/\/yoast.com\/wordpress\/plugins\/seo\/ -->\n<title>Harmony &#8211; Harmony Sains-en-Gohelle<\/title>\n<meta name=\"description\" content=\"D\u00e9couvrez votre centre Harmony Sains-en-Gohelle : Photos, Horaires de pr\u00e9sence des conseillers Harmony, coordonn\u00e9es, contact...\" \/>\n<meta name=\"robots\" content=\"noindex, follow, max-snippet:-1, max-image-preview:large, max-video-preview:-1\" \/>\n<meta property=\"og:locale\" content=\"fr_FR\" \/>\n<meta property=\"og:type\" content=\"article\" \/>\n<meta property=\"og:title\" content=\"Harmony &#8211; Harmony Sains-en-Gohelle\" \/>\n<meta property=\"og:description\" content=\"D\u00e9couvrez votre centre Harmony Sains-en-Gohelle : Photos, Horaires de pr\u00e9sence des conseillers Harmony, coordonn\u00e9es, contact...\" \/>\n<meta property=\"og:url\" content=\"https:\/\/harmony-forme.fr\/?page_id=211\" \/>\n<meta property=\"og:site_name\" content=\"Harmony\" \/>\n<meta property=\"article:publisher\" content=\"https:\/\/www.facebook.com\/hamonylonguenesse\/\" \/>\n<meta property=\"article:modified_time\" content=\"2025-08-01T12:05:27+00:00\" \/>\n<meta property=\"og:image\" content=\"https:\/\/harmony-forme.fr\/wp-content\/uploads\/2019\/01\/picto-harmony.png\" \/>\n\t<meta property=\"og:image:width\" content=\"118\" \/>\n\t<meta property=\"og:image:height\" content=\"128\" \/>\n\t<meta property=\"og:image:type\" content=\"image\/png\" \/>\n<meta name=\"twitter:card\" content=\"summary_large_image\" \/>\n<meta name=\"twitter:label1\" content=\"Dur\u00e9e de lecture estim\u00e9e\" \/>\n\t<meta name=\"twitter:data1\" content=\"6 minutes\" \/>\n<script type=\"application\/ld+json\" class=\"yoast-schema-graph\">{\"@context\":\"https:\/\/schema.org\",\"@graph\":[{\"@type\":\"WebPage\",\"@id\":\"https:\/\/harmony-forme.fr\/?page_id=211\",\"url\":\"https:\/\/harmony-forme.fr\/?page_id=211\",\"name\":\"Harmony &#8211; Harmony Sains-en-Gohelle\",\"isPartOf\":{\"@id\":\"https:\/\/harmony-forme.fr\/#website\"},\"datePublished\":\"2019-01-31T21:31:08+00:00\",\"dateModified\":\"2025-08-01T12:05:27+00:00\",\"description\":\"D\u00e9couvrez votre centre Harmony Sains-en-Gohelle : Photos, Horaires de pr\u00e9sence des conseillers Harmony, coordonn\u00e9es, contact...\",\"breadcrumb\":{\"@id\":\"https:\/\/harmony-forme.fr\/?page_id=211#breadcrumb\"},\"inLanguage\":\"fr-FR\",\"potentialAction\":[{\"@type\":\"ReadAction\",\"target\":[\"https:\/\/harmony-forme.fr\/?page_id=211\"]}]},{\"@type\":\"BreadcrumbList\",\"@id\":\"https:\/\/harmony-forme.fr\/?page_id=211#breadcrumb\",\"itemListElement\":[{\"@type\":\"ListItem\",\"position\":1,\"name\":\"Accueil\",\"item\":\"https:\/\/harmony-forme.fr\/\"},{\"@type\":\"ListItem\",\"position\":2,\"name\":\"Harmony Sains-en-Gohelle\"}]},{\"@type\":\"WebSite\",\"@id\":\"https:\/\/harmony-forme.fr\/#website\",\"url\":\"https:\/\/harmony-forme.fr\/\",\"name\":\"Harmony\",\"description\":\"La forme sans la frime !\",\"publisher\":{\"@id\":\"https:\/\/harmony-forme.fr\/#organization\"},\"potentialAction\":[{\"@type\":\"SearchAction\",\"target\":{\"@type\":\"EntryPoint\",\"urlTemplate\":\"https:\/\/harmony-forme.fr\/?s={search_term_string}\"},\"query-input\":\"required name=search_term_string\"}],\"inLanguage\":\"fr-FR\"},{\"@type\":\"Organization\",\"@id\":\"https:\/\/harmony-forme.fr\/#organization\",\"name\":\"Harmony\",\"url\":\"https:\/\/harmony-forme.fr\/\",\"logo\":{\"@type\":\"ImageObject\",\"inLanguage\":\"fr-FR\",\"@id\":\"https:\/\/harmony-forme.fr\/#\/schema\/logo\/image\/\",\"url\":\"https:\/\/harmony-forme.fr\/wp-content\/uploads\/2019\/01\/logo-harmony.png\",\"contentUrl\":\"https:\/\/harmony-forme.fr\/wp-content\/uploads\/2019\/01\/logo-harmony.png\",\"width\":577,\"height\":139,\"caption\":\"Harmony\"},\"image\":{\"@id\":\"https:\/\/harmony-forme.fr\/#\/schema\/logo\/image\/\"},\"sameAs\":[\"https:\/\/www.facebook.com\/hamonylonguenesse\/\",\"https:\/\/www.instagram.com\/harmony_forme\/\"]}]}<\/script>\n<!-- \/ Yoast SEO plugin. -->","yoast_head_json":{"title":"Harmony &#8211; Harmony Sains-en-Gohelle","description":"D\u00e9couvrez votre centre Harmony Sains-en-Gohelle : Photos, Horaires de pr\u00e9sence des conseillers Harmony, coordonn\u00e9es, contact...","robots":{"index":"noindex","follow":"follow","max-snippet":"max-snippet:-1","max-image-preview":"max-image-preview:large","max-video-preview":"max-video-preview:-1"},"og_locale":"fr_FR","og_type":"article","og_title":"Harmony &#8211; Harmony Sains-en-Gohelle","og_description":"D\u00e9couvrez votre centre Harmony Sains-en-Gohelle : Photos, Horaires de pr\u00e9sence des conseillers Harmony, coordonn\u00e9es, contact...","og_url":"https:\/\/harmony-forme.fr\/?page_id=211","og_site_name":"Harmony","article_publisher":"https:\/\/www.facebook.com\/hamonylonguenesse\/","article_modified_time":"2025-08-01T12:05:27+00:00","og_image":[{"width":118,"height":128,"url":"https:\/\/harmony-forme.fr\/wp-content\/uploads\/2019\/01\/picto-harmony.png","type":"image\/png"}],"twitter_card":"summary_large_image","twitter_misc":{"Dur\u00e9e de lecture estim\u00e9e":"6 minutes"},"schema":{"@context":"https:\/\/schema.org","@graph":[{"@type":"WebPage","@id":"https:\/\/harmony-forme.fr\/?page_id=211","url":"https:\/\/harmony-forme.fr\/?page_id=211","name":"Harmony &#8211; Harmony Sains-en-Gohelle","isPartOf":{"@id":"https:\/\/harmony-forme.fr\/#website"},"datePublished":"2019-01-31T21:31:08+00:00","dateModified":"2025-08-01T12:05:27+00:00","description":"D\u00e9couvrez votre centre Harmony Sains-en-Gohelle : Photos, Horaires de pr\u00e9sence des conseillers Harmony, coordonn\u00e9es, contact...","breadcrumb":{"@id":"https:\/\/harmony-forme.fr\/?page_id=211#breadcrumb"},"inLanguage":"fr-FR","potentialAction":[{"@type":"ReadAction","target":["https:\/\/harmony-forme.fr\/?page_id=211"]}]},{"@type":"BreadcrumbList","@id":"https:\/\/harmony-forme.fr\/?page_id=211#breadcrumb","itemListElement":[{"@type":"ListItem","position":1,"name":"Accueil","item":"https:\/\/harmony-forme.fr\/"},{"@type":"ListItem","position":2,"name":"Harmony Sains-en-Gohelle"}]},{"@type":"WebSite","@id":"https:\/\/harmony-forme.fr\/#website","url":"https:\/\/harmony-forme.fr\/","name":"Harmony","description":"La forme sans la frime !","publisher":{"@id":"https:\/\/harmony-forme.fr\/#organization"},"potentialAction":[{"@type":"SearchAction","target":{"@type":"EntryPoint","urlTemplate":"https:\/\/harmony-forme.fr\/?s={search_term_string}"},"query-input":"required name=search_term_string"}],"inLanguage":"fr-FR"},{"@type":"Organization","@id":"https:\/\/harmony-forme.fr\/#organization","name":"Harmony","url":"https:\/\/harmony-forme.fr\/","logo":{"@type":"ImageObject","inLanguage":"fr-FR","@id":"https:\/\/harmony-forme.fr\/#\/schema\/logo\/image\/","url":"https:\/\/harmony-forme.fr\/wp-content\/uploads\/2019\/01\/logo-harmony.png","contentUrl":"https:\/\/harmony-forme.fr\/wp-content\/uploads\/2019\/01\/logo-harmony.png","width":577,"height":139,"caption":"Harmony"},"image":{"@id":"https:\/\/harmony-forme.fr\/#\/schema\/logo\/image\/"},"sameAs":["https:\/\/www.facebook.com\/hamonylonguenesse\/","https:\/\/www.instagram.com\/harmony_forme\/"]}]}},"uagb_featured_image_src":{"full":false,"thumbnail":false,"medium":false,"medium_large":false,"large":false,"1536x1536":false,"2048x2048":false,"kubio-fullhd":false,"neve-blog":false},"uagb_author_info":{"display_name":"Xavier GEL\u00c9","author_link":"https:\/\/harmony-forme.fr"},"uagb_comment_info":0,"uagb_excerpt":"Pr\u00e9sence des conseillers Harmony \u2013 Sains-en-Gohelle Pour les renseignements, abonnements, s\u00e9ances d\u2019essai ou de coaching, notre \u00e9quipe est \u00e0 votre \u00e9coute&nbsp;! Du 1er septembre au 31 mai&nbsp;: Du lundi au vendredi&nbsp;: 9h \u00e0 12h30 et 15h \u00e0 19h30 Le samedi&nbsp;: 9h30 \u00e0 12h30 et 14h \u00e0 17h Du 1er juin au 31 ao\u00fbt&nbsp;: Du lundi&hellip;&nbsp;Lire\u2026","_links":{"self":[{"href":"https:\/\/harmony-forme.fr\/index.php?rest_route=\/wp\/v2\/pages\/211","targetHints":{"allow":["GET"]}}],"collection":[{"href":"https:\/\/harmony-forme.fr\/index.php?rest_route=\/wp\/v2\/pages"}],"about":[{"href":"https:\/\/harmony-forme.fr\/index.php?rest_route=\/wp\/v2\/types\/page"}],"author":[{"embeddable":true,"href":"https:\/\/harmony-forme.fr\/index.php?rest_route=\/wp\/v2\/users\/1"}],"replies":[{"embeddable":true,"href":"https:\/\/harmony-forme.fr\/index.php?rest_route=%2Fwp%2Fv2%2Fcomments&post=211"}],"version-history":[{"count":5,"href":"https:\/\/harmony-forme.fr\/index.php?rest_route=\/wp\/v2\/pages\/211\/revisions"}],"predecessor-version":[{"id":2558,"href":"https:\/\/harmony-forme.fr\/index.php?rest_route=\/wp\/v2\/pages\/211\/revisions\/2558"}],"wp:attachment":[{"href":"https:\/\/harmony-forme.fr\/index.php?rest_route=%2Fwp%2Fv2%2Fmedia&parent=211"}],"curies":[{"name":"wp","href":"https:\/\/api.w.org\/{rel}","templated":true}]}}