{"id":1972,"date":"2024-02-19T17:27:31","date_gmt":"2024-02-19T15:27:31","guid":{"rendered":"https:\/\/harmony-forme.fr\/?page_id=1972"},"modified":"2025-08-14T12:07:49","modified_gmt":"2025-08-14T10:07:49","slug":"nos-partenaires","status":"publish","type":"page","link":"https:\/\/harmony-forme.fr\/?page_id=1972","title":{"rendered":"Nos partenaires"},"content":{"rendered":"\n<p><br>Vous travaillez pour l&#8217;un de nos partenaires&nbsp;? <br>B\u00e9n\u00e9ficiez d&#8217;un tarif pr\u00e9f\u00e9rentiel&nbsp;! <br>Valable \u00e9galement pour votre conjoint(e)&nbsp;!<\/p>\n\n\n<div id=\"bloc-partenaires\" style=\"\n  opacity: 0;\n  transform: translateY(40px);\n  transition: opacity 1s ease, transform 1s ease;\n  border: 2px solid #FE09B7;\n  border-radius: 12px;\n  width: 100%;\n  max-width: 1000px;\n  margin: 40px auto;\n  background: rgba(255, 255, 255, 0.75);\n  box-shadow: 0 5px 10px rgba(0,0,0,0.1);\n  font-family: 'Poppins', sans-serif;\n  color: #001111;\n  padding: 30px;\n  backdrop-filter: blur(6px);\n  -webkit-backdrop-filter: blur(6px);\n  position: relative;\n  overflow: visible;\n\">\n  <div style=\"position: absolute; top: 0; left: 0; right: 0; bottom: 0;\n    background: linear-gradient(135deg, rgba(254, 9, 183, 0.05), rgba(109, 179, 184, 0.07));\n    z-index: 0; border-radius: 10px;\"><\/div>\n\n  <div style=\"position: relative; z-index: 1;\">\n    <h3 style=\"color: #FE09B7; font-size: 1.6rem; margin-bottom: 30px; text-align: center;\">Nos partenaires<\/h3>\n\n    \n<!-- Fonction pour chaque section -->\n    <div class=\"partenaire-section\">\n      <h4 class=\"titre-centre\">Beaurains<\/h4>\n      <div class=\"partenaires-grid\">\n        <div class=\"tooltip\"><img decoding=\"async\" src=\"https:\/\/harmony-forme.fr\/wp-content\/uploads\/2025\/08\/capture-decran-2024-09-19-a-11-13-25.png\"><span>Avantage partenaire Beaurains 1<\/span><\/div>\n        <div class=\"tooltip\"><img decoding=\"async\" src=\"https:\/\/harmony-forme.fr\/wp-content\/uploads\/2025\/08\/capture-decran-2024-03-14-a-16-19-04.png\"><span>Avantage partenaire Beaurains 2<\/span><\/div>\n        <div class=\"tooltip\"><img decoding=\"async\" src=\"https:\/\/harmony-forme.fr\/wp-content\/uploads\/2025\/08\/haagen-dazs-logo-svg-.png\"><span>Avantage partenaire Beaurains 3<\/span><\/div>\n        <div class=\"tooltip\"><img decoding=\"async\" src=\"https:\/\/harmony-forme.fr\/wp-content\/uploads\/2025\/08\/bricodepot-svg-.png\"><span>Tarif pr\u00e9f\u00e9rentiel pour une inscription solo&nbsp;: 19,99\u20ac\/mois<\/span><\/div>\n        <div class=\"tooltip\"><img decoding=\"async\" src=\"https:\/\/harmony-forme.fr\/wp-content\/uploads\/2025\/08\/telechargement.jpg\"><span>Tarif pr\u00e9f\u00e9rentiel pour une inscription solo&nbsp;: 24,99\u20ac\/mois<\/span><\/div>\n        <div class=\"tooltip\"><img decoding=\"async\" src=\"https:\/\/harmony-forme.fr\/wp-content\/uploads\/2025\/08\/qipao-logo-1.png\"><span>Tarif pr\u00e9f\u00e9rentiel pour une inscription solo&nbsp;: 19,99\u20ac\/mois <br>Avantage adh\u00e9rents&nbsp;: 20% de r\u00e9duction sur les prestations<\/span><\/div>\n        <div class=\"tooltip\"><img decoding=\"async\" src=\"https:\/\/harmony-forme.fr\/wp-content\/uploads\/2025\/08\/logo-pano-red-150x150-1.png\"><span>Tarif pr\u00e9f\u00e9rentiel pour une inscription solo&nbsp;: 19,99\u20ac\/mois<\/span><\/div>\n        <div class=\"tooltip\"><img decoding=\"async\" src=\"https:\/\/harmony-forme.fr\/wp-content\/uploads\/2025\/08\/image.png\"><span>Tarif pr\u00e9f\u00e9rentiel pour une inscription solo&nbsp;: 24,99\u20ac\/mois<\/span><\/div>\n      <\/div>\n    <\/div>\n\n    <div class=\"partenaire-section\">\n      <h4 class=\"titre-centre\">Sains-en-Gohelle<\/h4>\n      <div class=\"partenaires-grid\">\n        <div class=\"tooltip\"><img decoding=\"async\" src=\"https:\/\/harmony-forme.fr\/wp-content\/uploads\/2025\/08\/ceb.png\"><span>Avantage partenaire Sains 1<\/span><\/div>\n        <div class=\"tooltip\"><img decoding=\"async\" src=\"https:\/\/harmony-forme.fr\/wp-content\/uploads\/2025\/08\/340914790-242143821530730-8588815574373813409-n.png\"><span>Avantage partenaire Sains 2<\/span><\/div>\n      <\/div>\n    <\/div>\n\n    <div class=\"partenaire-section\">\n      <h4 class=\"titre-centre\">Longuenesse<\/h4>\n      <div class=\"partenaires-grid\">\n        <div class=\"tooltip\"><img decoding=\"async\" src=\"https:\/\/harmony-forme.fr\/wp-content\/uploads\/2025\/08\/images-4.png\"><span>Avantage partenaire Longuenesse 1<\/span><\/div>\n        <div class=\"tooltip\"><img decoding=\"async\" src=\"https:\/\/harmony-forme.fr\/wp-content\/uploads\/2025\/08\/logo-endorphine-copie-e1721657900218.png\"><span>Avantage partenaire Longuenesse 2<\/span><\/div>\n        <div class=\"tooltip\"><img decoding=\"async\" src=\"https:\/\/harmony-forme.fr\/wp-content\/uploads\/2025\/08\/logobricoman2021-svg-.png\"><span>Avantage partenaire Longuenesse 3<\/span><\/div>\n        <div class=\"tooltip\"><img decoding=\"async\" src=\"https:\/\/harmony-forme.fr\/wp-content\/uploads\/2025\/08\/6469-logo67bd8e9b-eyes.jpg\"><span>Avantage partenaire Longuenesse 4<\/span><\/div>\n        <div class=\"tooltip\"><img decoding=\"async\" src=\"https:\/\/harmony-forme.fr\/wp-content\/uploads\/2025\/08\/arc-logo.jpg\"><span>Avantage partenaire Longuenesse 5<\/span><\/div>\n      <\/div>\n    <\/div>\n  <\/div>\n<\/div>\n\n<style>\n  .titre-centre {\n    color: #6DB3B8;\n    font-size: 1.3rem;\n    text-align: center;\n    margin-bottom: 15px;\n  }\n\n  .partenaire-section {\n    border: 2px dashed rgba(254, 9, 183, 0.3);\n    background: rgba(255, 255, 255, 0.5);\n    padding: 25px;\n    border-radius: 12px;\n    margin-bottom: 40px;\n    box-shadow: 0 4px 12px rgba(109, 179, 184, 0.1);\n    backdrop-filter: blur(4px);\n    -webkit-backdrop-filter: blur(4px);\n  }\n\n  .partenaires-grid {\n    display: grid;\n    grid-template-columns: repeat(auto-fit, minmax(120px, 1fr));\n    gap: 30px;\n    align-items: center;\n    justify-items: center;\n  }\n\n  .partenaires-grid img {\n    max-height: 80px;\n    max-width: 100%;\n    transition: transform 0.3s ease;\n  }\n\n  .partenaires-grid img:hover {\n    transform: scale(1.05);\n  }\n\n  .tooltip {\n    position: relative;\n    display: inline-block;\n  }\n\n  .tooltip span {\n    visibility: hidden;\n    background-color: #6DB3B8;\n    color: white;\n    text-align: center;\n    border-radius: 6px;\n    padding: 8px 10px;\n    position: absolute;\n    z-index: 10;\n    bottom: 110%;\n    left: 50%;\n    transform: translateX(-50%);\n    opacity: 0;\n    white-space: nowrap;\n    font-size: 0.85rem;\n    transition: opacity 0.3s;\n    box-shadow: 0 2px 8px rgba(0,0,0,0.2);\n  }\n\n  .tooltip:hover span {\n    visibility: visible;\n    opacity: 1;\n  }\n<\/style>\n\n<script>\n  document.addEventListener(\"DOMContentLoaded\", function () {\n    const bloc = document.getElementById(\"bloc-partenaires\");\n    if (bloc) {\n      const observer = new IntersectionObserver((entries) => {\n        entries.forEach((entry) => {\n          if (entry.isIntersecting) {\n            bloc.style.opacity = \"1\";\n            bloc.style.transform = \"translateY(0)\";\n            observer.unobserve(bloc);\n          }\n        });\n      }, { threshold: 0.2 });\n      observer.observe(bloc);\n    }\n  });\n<\/script>","protected":false},"excerpt":{"rendered":"<p>Vous travaillez pour l&#8217;un de nos partenaires&nbsp;? B\u00e9n\u00e9ficiez d&#8217;un tarif pr\u00e9f\u00e9rentiel&nbsp;! Valable \u00e9galement pour votre conjoint(e)&nbsp;! Nos partenaires Beaurains Avantage partenaire Beaurains 1 Avantage partenaire Beaurains 2 Avantage partenaire Beaurains 3 Tarif pr\u00e9f\u00e9rentiel pour une inscription solo&nbsp;: 19,99\u20ac\/mois Tarif pr\u00e9f\u00e9rentiel pour une inscription solo&nbsp;: 24,99\u20ac\/mois Tarif pr\u00e9f\u00e9rentiel pour une inscription solo&nbsp;: 19,99\u20ac\/mois Avantage adh\u00e9rents&nbsp;: 20%&hellip;&nbsp;<a href=\"https:\/\/harmony-forme.fr\/?page_id=1972\" class=\"\" rel=\"bookmark\">Lire la suite&nbsp;&raquo;<span class=\"screen-reader-text\">Nos partenaires<\/span><\/a><\/p>","protected":false},"author":2,"featured_media":0,"parent":0,"menu_order":0,"comment_status":"closed","ping_status":"closed","template":"","meta":{"saved_in_kubio":true,"_uag_custom_page_level_css":"","neve_meta_sidebar":"","neve_meta_container":"","neve_meta_enable_content_width":"","neve_meta_content_width":0,"neve_meta_title_alignment":"","neve_meta_author_avatar":"","neve_post_elements_order":"","neve_meta_disable_header":"","neve_meta_disable_footer":"","neve_meta_disable_title":"","footnotes":""},"class_list":["post-1972","page","type-page","status-publish","hentry"],"kubio_ai_page_context":{"short_desc":"","purpose":"general"},"yoast_head":"<!-- This site is optimized with the Yoast SEO plugin v21.5 - https:\/\/yoast.com\/wordpress\/plugins\/seo\/ -->\n<title>Harmony &#8211; Nos partenaires<\/title>\n<meta name=\"robots\" content=\"noindex, follow, max-snippet:-1, max-image-preview:large, max-video-preview:-1\" \/>\n<meta property=\"og:locale\" content=\"fr_FR\" \/>\n<meta property=\"og:type\" content=\"article\" \/>\n<meta property=\"og:title\" content=\"Harmony &#8211; Nos partenaires\" \/>\n<meta property=\"og:description\" content=\"Vous travaillez pour l&#8217;un de nos partenaires&nbsp;? B\u00e9n\u00e9ficiez d&#8217;un tarif pr\u00e9f\u00e9rentiel&nbsp;! Valable \u00e9galement pour votre conjoint(e)&nbsp;! Nos partenaires Beaurains Avantage partenaire Beaurains 1 Avantage partenaire Beaurains 2 Avantage partenaire Beaurains 3 Tarif pr\u00e9f\u00e9rentiel pour une inscription solo&nbsp;: 19,99\u20ac\/mois Tarif pr\u00e9f\u00e9rentiel pour une inscription solo&nbsp;: 24,99\u20ac\/mois Tarif pr\u00e9f\u00e9rentiel pour une inscription solo&nbsp;: 19,99\u20ac\/mois Avantage adh\u00e9rents&nbsp;: 20%&hellip;&nbsp;Lire la suite &raquo;Nos partenaires\" \/>\n<meta property=\"og:url\" content=\"https:\/\/harmony-forme.fr\/?page_id=1972\" \/>\n<meta property=\"og:site_name\" content=\"Harmony\" \/>\n<meta property=\"article:publisher\" content=\"https:\/\/www.facebook.com\/hamonylonguenesse\/\" \/>\n<meta property=\"article:modified_time\" content=\"2025-08-14T10:07:49+00:00\" \/>\n<meta property=\"og:image\" content=\"https:\/\/harmony-forme.fr\/wp-content\/uploads\/2025\/08\/capture-decran-2024-09-19-a-11-13-25.png\" \/>\n<meta name=\"twitter:card\" content=\"summary_large_image\" \/>\n<meta name=\"twitter:label1\" content=\"Dur\u00e9e de lecture estim\u00e9e\" \/>\n\t<meta name=\"twitter:data1\" content=\"1 minute\" \/>\n<script type=\"application\/ld+json\" class=\"yoast-schema-graph\">{\"@context\":\"https:\/\/schema.org\",\"@graph\":[{\"@type\":\"WebPage\",\"@id\":\"https:\/\/harmony-forme.fr\/?page_id=1972\",\"url\":\"https:\/\/harmony-forme.fr\/?page_id=1972\",\"name\":\"Harmony &#8211; Nos partenaires\",\"isPartOf\":{\"@id\":\"https:\/\/harmony-forme.fr\/#website\"},\"datePublished\":\"2024-02-19T15:27:31+00:00\",\"dateModified\":\"2025-08-14T10:07:49+00:00\",\"breadcrumb\":{\"@id\":\"https:\/\/harmony-forme.fr\/?page_id=1972#breadcrumb\"},\"inLanguage\":\"fr-FR\",\"potentialAction\":[{\"@type\":\"ReadAction\",\"target\":[\"https:\/\/harmony-forme.fr\/?page_id=1972\"]}]},{\"@type\":\"BreadcrumbList\",\"@id\":\"https:\/\/harmony-forme.fr\/?page_id=1972#breadcrumb\",\"itemListElement\":[{\"@type\":\"ListItem\",\"position\":1,\"name\":\"Accueil\",\"item\":\"https:\/\/harmony-forme.fr\/\"},{\"@type\":\"ListItem\",\"position\":2,\"name\":\"Nos partenaires\"}]},{\"@type\":\"WebSite\",\"@id\":\"https:\/\/harmony-forme.fr\/#website\",\"url\":\"https:\/\/harmony-forme.fr\/\",\"name\":\"Harmony\",\"description\":\"La forme sans la frime !\",\"publisher\":{\"@id\":\"https:\/\/harmony-forme.fr\/#organization\"},\"potentialAction\":[{\"@type\":\"SearchAction\",\"target\":{\"@type\":\"EntryPoint\",\"urlTemplate\":\"https:\/\/harmony-forme.fr\/?s={search_term_string}\"},\"query-input\":\"required name=search_term_string\"}],\"inLanguage\":\"fr-FR\"},{\"@type\":\"Organization\",\"@id\":\"https:\/\/harmony-forme.fr\/#organization\",\"name\":\"Harmony\",\"url\":\"https:\/\/harmony-forme.fr\/\",\"logo\":{\"@type\":\"ImageObject\",\"inLanguage\":\"fr-FR\",\"@id\":\"https:\/\/harmony-forme.fr\/#\/schema\/logo\/image\/\",\"url\":\"https:\/\/harmony-forme.fr\/wp-content\/uploads\/2019\/01\/logo-harmony.png\",\"contentUrl\":\"https:\/\/harmony-forme.fr\/wp-content\/uploads\/2019\/01\/logo-harmony.png\",\"width\":577,\"height\":139,\"caption\":\"Harmony\"},\"image\":{\"@id\":\"https:\/\/harmony-forme.fr\/#\/schema\/logo\/image\/\"},\"sameAs\":[\"https:\/\/www.facebook.com\/hamonylonguenesse\/\",\"https:\/\/www.instagram.com\/harmony_forme\/\"]}]}<\/script>\n<!-- \/ Yoast SEO plugin. -->","yoast_head_json":{"title":"Harmony &#8211; Nos partenaires","robots":{"index":"noindex","follow":"follow","max-snippet":"max-snippet:-1","max-image-preview":"max-image-preview:large","max-video-preview":"max-video-preview:-1"},"og_locale":"fr_FR","og_type":"article","og_title":"Harmony &#8211; Nos partenaires","og_description":"Vous travaillez pour l&#8217;un de nos partenaires&nbsp;? B\u00e9n\u00e9ficiez d&#8217;un tarif pr\u00e9f\u00e9rentiel&nbsp;! Valable \u00e9galement pour votre conjoint(e)&nbsp;! Nos partenaires Beaurains Avantage partenaire Beaurains 1 Avantage partenaire Beaurains 2 Avantage partenaire Beaurains 3 Tarif pr\u00e9f\u00e9rentiel pour une inscription solo&nbsp;: 19,99\u20ac\/mois Tarif pr\u00e9f\u00e9rentiel pour une inscription solo&nbsp;: 24,99\u20ac\/mois Tarif pr\u00e9f\u00e9rentiel pour une inscription solo&nbsp;: 19,99\u20ac\/mois Avantage adh\u00e9rents&nbsp;: 20%&hellip;&nbsp;Lire la suite &raquo;Nos partenaires","og_url":"https:\/\/harmony-forme.fr\/?page_id=1972","og_site_name":"Harmony","article_publisher":"https:\/\/www.facebook.com\/hamonylonguenesse\/","article_modified_time":"2025-08-14T10:07:49+00:00","og_image":[{"url":"https:\/\/harmony-forme.fr\/wp-content\/uploads\/2025\/08\/capture-decran-2024-09-19-a-11-13-25.png"}],"twitter_card":"summary_large_image","twitter_misc":{"Dur\u00e9e de lecture estim\u00e9e":"1 minute"},"schema":{"@context":"https:\/\/schema.org","@graph":[{"@type":"WebPage","@id":"https:\/\/harmony-forme.fr\/?page_id=1972","url":"https:\/\/harmony-forme.fr\/?page_id=1972","name":"Harmony &#8211; Nos partenaires","isPartOf":{"@id":"https:\/\/harmony-forme.fr\/#website"},"datePublished":"2024-02-19T15:27:31+00:00","dateModified":"2025-08-14T10:07:49+00:00","breadcrumb":{"@id":"https:\/\/harmony-forme.fr\/?page_id=1972#breadcrumb"},"inLanguage":"fr-FR","potentialAction":[{"@type":"ReadAction","target":["https:\/\/harmony-forme.fr\/?page_id=1972"]}]},{"@type":"BreadcrumbList","@id":"https:\/\/harmony-forme.fr\/?page_id=1972#breadcrumb","itemListElement":[{"@type":"ListItem","position":1,"name":"Accueil","item":"https:\/\/harmony-forme.fr\/"},{"@type":"ListItem","position":2,"name":"Nos partenaires"}]},{"@type":"WebSite","@id":"https:\/\/harmony-forme.fr\/#website","url":"https:\/\/harmony-forme.fr\/","name":"Harmony","description":"La forme sans la frime !","publisher":{"@id":"https:\/\/harmony-forme.fr\/#organization"},"potentialAction":[{"@type":"SearchAction","target":{"@type":"EntryPoint","urlTemplate":"https:\/\/harmony-forme.fr\/?s={search_term_string}"},"query-input":"required name=search_term_string"}],"inLanguage":"fr-FR"},{"@type":"Organization","@id":"https:\/\/harmony-forme.fr\/#organization","name":"Harmony","url":"https:\/\/harmony-forme.fr\/","logo":{"@type":"ImageObject","inLanguage":"fr-FR","@id":"https:\/\/harmony-forme.fr\/#\/schema\/logo\/image\/","url":"https:\/\/harmony-forme.fr\/wp-content\/uploads\/2019\/01\/logo-harmony.png","contentUrl":"https:\/\/harmony-forme.fr\/wp-content\/uploads\/2019\/01\/logo-harmony.png","width":577,"height":139,"caption":"Harmony"},"image":{"@id":"https:\/\/harmony-forme.fr\/#\/schema\/logo\/image\/"},"sameAs":["https:\/\/www.facebook.com\/hamonylonguenesse\/","https:\/\/www.instagram.com\/harmony_forme\/"]}]}},"uagb_featured_image_src":{"full":false,"thumbnail":false,"medium":false,"medium_large":false,"large":false,"1536x1536":false,"2048x2048":false,"kubio-fullhd":false,"neve-blog":false},"uagb_author_info":{"display_name":"DS Fitness","author_link":"https:\/\/harmony-forme.fr"},"uagb_comment_info":0,"uagb_excerpt":"Vous travaillez pour l&#8217;un de nos partenaires&nbsp;? B\u00e9n\u00e9ficiez d&#8217;un tarif pr\u00e9f\u00e9rentiel&nbsp;! Valable \u00e9galement pour votre conjoint(e)&nbsp;! Nos partenaires Beaurains Avantage partenaire Beaurains 1 Avantage partenaire Beaurains 2 Avantage partenaire Beaurains 3 Tarif pr\u00e9f\u00e9rentiel pour une inscription solo&nbsp;: 19,99\u20ac\/mois Tarif pr\u00e9f\u00e9rentiel pour une inscription solo&nbsp;: 24,99\u20ac\/mois Tarif pr\u00e9f\u00e9rentiel pour une inscription solo&nbsp;: 19,99\u20ac\/mois Avantage adh\u00e9rents&nbsp;: 20%&hellip;&nbsp;Lire\u2026","_links":{"self":[{"href":"https:\/\/harmony-forme.fr\/index.php?rest_route=\/wp\/v2\/pages\/1972","targetHints":{"allow":["GET"]}}],"collection":[{"href":"https:\/\/harmony-forme.fr\/index.php?rest_route=\/wp\/v2\/pages"}],"about":[{"href":"https:\/\/harmony-forme.fr\/index.php?rest_route=\/wp\/v2\/types\/page"}],"author":[{"embeddable":true,"href":"https:\/\/harmony-forme.fr\/index.php?rest_route=\/wp\/v2\/users\/2"}],"replies":[{"embeddable":true,"href":"https:\/\/harmony-forme.fr\/index.php?rest_route=%2Fwp%2Fv2%2Fcomments&post=1972"}],"version-history":[{"count":5,"href":"https:\/\/harmony-forme.fr\/index.php?rest_route=\/wp\/v2\/pages\/1972\/revisions"}],"predecessor-version":[{"id":2586,"href":"https:\/\/harmony-forme.fr\/index.php?rest_route=\/wp\/v2\/pages\/1972\/revisions\/2586"}],"wp:attachment":[{"href":"https:\/\/harmony-forme.fr\/index.php?rest_route=%2Fwp%2Fv2%2Fmedia&parent=1972"}],"curies":[{"name":"wp","href":"https:\/\/api.w.org\/{rel}","templated":true}]}}